{"id":237,"date":"2018-05-15T10:08:51","date_gmt":"2018-05-15T10:08:51","guid":{"rendered":"https:\/\/taekwondo.is\/mudo\/?post_type=product&#038;p=237"},"modified":"2019-03-04T08:58:12","modified_gmt":"2019-03-04T08:58:12","slug":"boxing-and-kickboxing-gloves","status":"publish","type":"product","link":"https:\/\/taekwondo.is\/mudo\/product\/boxing-and-kickboxing-gloves\/","title":{"rendered":"Boxing and Kickboxing Gloves"},"content":{"rendered":"<p>Lorem ipsum dolor sit amet, consectetur adipiscing elit. Integer faucibus rhoncus libero. Duis at dui a urna suscipit malesuada a nec ex. Nunc nec fringilla arcu, eget eleifend libero. Vestibulum tempus orci sapien, vitae viverra sapien consequat et. In interdum et metus vel porttitor. Aliquam consequat ligula ut quam viverra imperdiet eu eu magna. Pellentesque vitae luctus tellus. In dui lorem, semper at lobortis nec, ultricies quis urna. Mauris congue purus quis magna iaculis consequat. Nunc vehicula dapibus laoreet. In hac habitasse platea dictumst. Praesent sagittis pulvinar leo et dapibus. Donec efficitur sem nec nulla laoreet tempor.<\/p>\n<p>Mauris ullamcorper, lectus in cursus ultricies, nunc quam pellentesque massa, eu euismod neque orci molestie ipsum. Duis varius, turpis ut dapibus lobortis, magna lorem commodo odio, ac aliquet arcu leo eu dui. Nulla vitae dui justo. Suspendisse potenti. In quis tristique arcu, a condimentum magna. Vestibulum feugiat rhoncus felis, at gravida nisl. Aenean ultricies lorem vitae nulla pellentesque tempus. Lorem ipsum dolor sit amet, consectetur adipiscing elit. <\/p>\n","protected":false},"excerpt":{"rendered":"<p>Fusce rhoncus porttitor nisl, quis suscipit metus mollis vitae. Pellentesque blandit ipsum eget felis volutpat commodo. Praesent sodales magna ultrices et massa gravida, eu rhoncus augue volutpat. Praesent nisi est, auctor vel mauris, iaculis dignissim diam. Integer tempor lorem posuere tortor consectetur, sit amet eleifend felis a volutpat.<\/p>\n","protected":false},"featured_media":332,"comment_status":"open","ping_status":"closed","template":"","meta":[],"product_cat":[85,31,64,65,30],"product_tag":[41,43,42,40],"class_list":{"0":"post-237","1":"product","2":"type-product","3":"status-publish","4":"has-post-thumbnail","6":"product_cat-boxing-gloves-kids-kids","7":"product_cat-hand-wraps","8":"product_cat-hand-wraps-women","9":"product_cat-mouthguargds-women","10":"product_cat-mouthguargds","11":"product_tag-boxing","12":"product_tag-pro-x","13":"product_tag-sport","14":"product_tag-store","16":"first","17":"instock","18":"shipping-taxable","19":"purchasable","20":"product-type-variable"},"yoast_head":"<!-- This site is optimized with the Yoast SEO plugin v23.2 - https:\/\/yoast.com\/wordpress\/plugins\/seo\/ -->\n<title>Boxing and Kickboxing Gloves | Mudo Gym - Taekwondo og a\u00f0rar bardagalistir<\/title>\n<meta name=\"robots\" content=\"noindex, follow\" \/>\n<meta property=\"og:locale\" content=\"en_US\" \/>\n<meta property=\"og:type\" content=\"article\" \/>\n<meta property=\"og:title\" content=\"Boxing and Kickboxing Gloves | Mudo Gym - Taekwondo og a\u00f0rar bardagalistir\" \/>\n<meta property=\"og:description\" content=\"Fusce rhoncus porttitor nisl, quis suscipit metus mollis vitae. Pellentesque blandit ipsum eget felis volutpat commodo. Praesent sodales magna ultrices et massa gravida, eu rhoncus augue volutpat. Praesent nisi est, auctor vel mauris, iaculis dignissim diam. Integer tempor lorem posuere tortor consectetur, sit amet eleifend felis a volutpat.\" \/>\n<meta property=\"og:url\" content=\"https:\/\/taekwondo.is\/mudo\/product\/boxing-and-kickboxing-gloves\/\" \/>\n<meta property=\"og:site_name\" content=\"Mudo Gym - Taekwondo og a\u00f0rar bardagalistir\" \/>\n<meta property=\"article:publisher\" content=\"https:\/\/www.facebook.com\/mudogymiceland\" \/>\n<meta property=\"article:modified_time\" content=\"2019-03-04T08:58:12+00:00\" \/>\n<meta property=\"og:image\" content=\"https:\/\/taekwondo.is\/mudo\/wp-content\/uploads\/2018\/05\/product-8-copyright.jpg\" \/>\n\t<meta property=\"og:image:width\" content=\"1000\" \/>\n\t<meta property=\"og:image:height\" content=\"950\" \/>\n\t<meta property=\"og:image:type\" content=\"image\/jpeg\" \/>\n<meta name=\"twitter:card\" content=\"summary_large_image\" \/>\n<meta name=\"twitter:label1\" content=\"Est. reading time\" \/>\n\t<meta name=\"twitter:data1\" content=\"1 minute\" \/>\n<script type=\"application\/ld+json\" class=\"yoast-schema-graph\">{\"@context\":\"https:\/\/schema.org\",\"@graph\":[{\"@type\":\"WebPage\",\"@id\":\"https:\/\/taekwondo.is\/mudo\/product\/boxing-and-kickboxing-gloves\/\",\"url\":\"https:\/\/taekwondo.is\/mudo\/product\/boxing-and-kickboxing-gloves\/\",\"name\":\"Boxing and Kickboxing Gloves | Mudo Gym - Taekwondo og a\u00f0rar bardagalistir\",\"isPartOf\":{\"@id\":\"https:\/\/taekwondo.is\/mudo\/#website\"},\"primaryImageOfPage\":{\"@id\":\"https:\/\/taekwondo.is\/mudo\/product\/boxing-and-kickboxing-gloves\/#primaryimage\"},\"image\":{\"@id\":\"https:\/\/taekwondo.is\/mudo\/product\/boxing-and-kickboxing-gloves\/#primaryimage\"},\"thumbnailUrl\":\"https:\/\/taekwondo.is\/mudo\/wp-content\/uploads\/2018\/05\/product-8-copyright.jpg\",\"datePublished\":\"2018-05-15T10:08:51+00:00\",\"dateModified\":\"2019-03-04T08:58:12+00:00\",\"breadcrumb\":{\"@id\":\"https:\/\/taekwondo.is\/mudo\/product\/boxing-and-kickboxing-gloves\/#breadcrumb\"},\"inLanguage\":\"en-US\",\"potentialAction\":[{\"@type\":\"ReadAction\",\"target\":[\"https:\/\/taekwondo.is\/mudo\/product\/boxing-and-kickboxing-gloves\/\"]}]},{\"@type\":\"ImageObject\",\"inLanguage\":\"en-US\",\"@id\":\"https:\/\/taekwondo.is\/mudo\/product\/boxing-and-kickboxing-gloves\/#primaryimage\",\"url\":\"https:\/\/taekwondo.is\/mudo\/wp-content\/uploads\/2018\/05\/product-8-copyright.jpg\",\"contentUrl\":\"https:\/\/taekwondo.is\/mudo\/wp-content\/uploads\/2018\/05\/product-8-copyright.jpg\",\"width\":1000,\"height\":950},{\"@type\":\"BreadcrumbList\",\"@id\":\"https:\/\/taekwondo.is\/mudo\/product\/boxing-and-kickboxing-gloves\/#breadcrumb\",\"itemListElement\":[{\"@type\":\"ListItem\",\"position\":1,\"name\":\"Home\",\"item\":\"https:\/\/taekwondo.is\/mudo\/\"},{\"@type\":\"ListItem\",\"position\":2,\"name\":\"Shop\",\"item\":\"https:\/\/taekwondo.is\/mudo\/?page_id=231\"},{\"@type\":\"ListItem\",\"position\":3,\"name\":\"Boxing and Kickboxing Gloves\"}]},{\"@type\":\"WebSite\",\"@id\":\"https:\/\/taekwondo.is\/mudo\/#website\",\"url\":\"https:\/\/taekwondo.is\/mudo\/\",\"name\":\"Mudo Gym - Taekwondo og a\u00f0rar bardagalistir\",\"description\":\"B\u00faum til sterkari b\u00f6rn\",\"publisher\":{\"@id\":\"https:\/\/taekwondo.is\/mudo\/#organization\"},\"potentialAction\":[{\"@type\":\"SearchAction\",\"target\":{\"@type\":\"EntryPoint\",\"urlTemplate\":\"https:\/\/taekwondo.is\/mudo\/?s={search_term_string}\"},\"query-input\":\"required name=search_term_string\"}],\"inLanguage\":\"en-US\"},{\"@type\":\"Organization\",\"@id\":\"https:\/\/taekwondo.is\/mudo\/#organization\",\"name\":\"Mudo Gym\",\"url\":\"https:\/\/taekwondo.is\/mudo\/\",\"logo\":{\"@type\":\"ImageObject\",\"inLanguage\":\"en-US\",\"@id\":\"https:\/\/taekwondo.is\/mudo\/#\/schema\/logo\/image\/\",\"url\":\"https:\/\/taekwondo.is\/mudo\/wp-content\/uploads\/2021\/08\/mudo-gym-logo.jpeg\",\"contentUrl\":\"https:\/\/taekwondo.is\/mudo\/wp-content\/uploads\/2021\/08\/mudo-gym-logo.jpeg\",\"width\":522,\"height\":145,\"caption\":\"Mudo Gym\"},\"image\":{\"@id\":\"https:\/\/taekwondo.is\/mudo\/#\/schema\/logo\/image\/\"},\"sameAs\":[\"https:\/\/www.facebook.com\/mudogymiceland\",\"https:\/\/www.instagram.com\/mudogym_iceland\/\"]}]}<\/script>\n<!-- \/ Yoast SEO plugin. -->","yoast_head_json":{"title":"Boxing and Kickboxing Gloves | Mudo Gym - Taekwondo og a\u00f0rar bardagalistir","robots":{"index":"noindex","follow":"follow"},"og_locale":"en_US","og_type":"article","og_title":"Boxing and Kickboxing Gloves | Mudo Gym - Taekwondo og a\u00f0rar bardagalistir","og_description":"Fusce rhoncus porttitor nisl, quis suscipit metus mollis vitae. Pellentesque blandit ipsum eget felis volutpat commodo. Praesent sodales magna ultrices et massa gravida, eu rhoncus augue volutpat. Praesent nisi est, auctor vel mauris, iaculis dignissim diam. Integer tempor lorem posuere tortor consectetur, sit amet eleifend felis a volutpat.","og_url":"https:\/\/taekwondo.is\/mudo\/product\/boxing-and-kickboxing-gloves\/","og_site_name":"Mudo Gym - Taekwondo og a\u00f0rar bardagalistir","article_publisher":"https:\/\/www.facebook.com\/mudogymiceland","article_modified_time":"2019-03-04T08:58:12+00:00","og_image":[{"width":1000,"height":950,"url":"https:\/\/taekwondo.is\/mudo\/wp-content\/uploads\/2018\/05\/product-8-copyright.jpg","type":"image\/jpeg"}],"twitter_card":"summary_large_image","twitter_misc":{"Est. reading time":"1 minute"},"schema":{"@context":"https:\/\/schema.org","@graph":[{"@type":"WebPage","@id":"https:\/\/taekwondo.is\/mudo\/product\/boxing-and-kickboxing-gloves\/","url":"https:\/\/taekwondo.is\/mudo\/product\/boxing-and-kickboxing-gloves\/","name":"Boxing and Kickboxing Gloves | Mudo Gym - Taekwondo og a\u00f0rar bardagalistir","isPartOf":{"@id":"https:\/\/taekwondo.is\/mudo\/#website"},"primaryImageOfPage":{"@id":"https:\/\/taekwondo.is\/mudo\/product\/boxing-and-kickboxing-gloves\/#primaryimage"},"image":{"@id":"https:\/\/taekwondo.is\/mudo\/product\/boxing-and-kickboxing-gloves\/#primaryimage"},"thumbnailUrl":"https:\/\/taekwondo.is\/mudo\/wp-content\/uploads\/2018\/05\/product-8-copyright.jpg","datePublished":"2018-05-15T10:08:51+00:00","dateModified":"2019-03-04T08:58:12+00:00","breadcrumb":{"@id":"https:\/\/taekwondo.is\/mudo\/product\/boxing-and-kickboxing-gloves\/#breadcrumb"},"inLanguage":"en-US","potentialAction":[{"@type":"ReadAction","target":["https:\/\/taekwondo.is\/mudo\/product\/boxing-and-kickboxing-gloves\/"]}]},{"@type":"ImageObject","inLanguage":"en-US","@id":"https:\/\/taekwondo.is\/mudo\/product\/boxing-and-kickboxing-gloves\/#primaryimage","url":"https:\/\/taekwondo.is\/mudo\/wp-content\/uploads\/2018\/05\/product-8-copyright.jpg","contentUrl":"https:\/\/taekwondo.is\/mudo\/wp-content\/uploads\/2018\/05\/product-8-copyright.jpg","width":1000,"height":950},{"@type":"BreadcrumbList","@id":"https:\/\/taekwondo.is\/mudo\/product\/boxing-and-kickboxing-gloves\/#breadcrumb","itemListElement":[{"@type":"ListItem","position":1,"name":"Home","item":"https:\/\/taekwondo.is\/mudo\/"},{"@type":"ListItem","position":2,"name":"Shop","item":"https:\/\/taekwondo.is\/mudo\/?page_id=231"},{"@type":"ListItem","position":3,"name":"Boxing and Kickboxing Gloves"}]},{"@type":"WebSite","@id":"https:\/\/taekwondo.is\/mudo\/#website","url":"https:\/\/taekwondo.is\/mudo\/","name":"Mudo Gym - Taekwondo og a\u00f0rar bardagalistir","description":"B\u00faum til sterkari b\u00f6rn","publisher":{"@id":"https:\/\/taekwondo.is\/mudo\/#organization"},"potentialAction":[{"@type":"SearchAction","target":{"@type":"EntryPoint","urlTemplate":"https:\/\/taekwondo.is\/mudo\/?s={search_term_string}"},"query-input":"required name=search_term_string"}],"inLanguage":"en-US"},{"@type":"Organization","@id":"https:\/\/taekwondo.is\/mudo\/#organization","name":"Mudo Gym","url":"https:\/\/taekwondo.is\/mudo\/","logo":{"@type":"ImageObject","inLanguage":"en-US","@id":"https:\/\/taekwondo.is\/mudo\/#\/schema\/logo\/image\/","url":"https:\/\/taekwondo.is\/mudo\/wp-content\/uploads\/2021\/08\/mudo-gym-logo.jpeg","contentUrl":"https:\/\/taekwondo.is\/mudo\/wp-content\/uploads\/2021\/08\/mudo-gym-logo.jpeg","width":522,"height":145,"caption":"Mudo Gym"},"image":{"@id":"https:\/\/taekwondo.is\/mudo\/#\/schema\/logo\/image\/"},"sameAs":["https:\/\/www.facebook.com\/mudogymiceland","https:\/\/www.instagram.com\/mudogym_iceland\/"]}]}},"_links":{"self":[{"href":"https:\/\/taekwondo.is\/mudo\/wp-json\/wp\/v2\/product\/237","targetHints":{"allow":["GET"]}}],"collection":[{"href":"https:\/\/taekwondo.is\/mudo\/wp-json\/wp\/v2\/product"}],"about":[{"href":"https:\/\/taekwondo.is\/mudo\/wp-json\/wp\/v2\/types\/product"}],"replies":[{"embeddable":true,"href":"https:\/\/taekwondo.is\/mudo\/wp-json\/wp\/v2\/comments?post=237"}],"wp:featuredmedia":[{"embeddable":true,"href":"https:\/\/taekwondo.is\/mudo\/wp-json\/wp\/v2\/media\/332"}],"wp:attachment":[{"href":"https:\/\/taekwondo.is\/mudo\/wp-json\/wp\/v2\/media?parent=237"}],"wp:term":[{"taxonomy":"product_cat","embeddable":true,"href":"https:\/\/taekwondo.is\/mudo\/wp-json\/wp\/v2\/product_cat?post=237"},{"taxonomy":"product_tag","embeddable":true,"href":"https:\/\/taekwondo.is\/mudo\/wp-json\/wp\/v2\/product_tag?post=237"}],"curies":[{"name":"wp","href":"https:\/\/api.w.org\/{rel}","templated":true}]}}