{"id":4014,"date":"2021-08-20T21:27:55","date_gmt":"2021-08-20T21:27:55","guid":{"rendered":"https:\/\/taekwondo.is\/mudo\/?page_id=4014"},"modified":"2021-08-21T11:52:47","modified_gmt":"2021-08-21T11:52:47","slug":"skraning-i-prufutima","status":"publish","type":"page","link":"https:\/\/taekwondo.is\/mudo\/skraning-i-prufutima\/","title":{"rendered":"Skr\u00e1ning \u00ed prufut\u00edma"},"content":{"rendered":"\t\t<div data-elementor-type=\"wp-post\" data-elementor-id=\"4014\" class=\"elementor elementor-4014\">\n\t\t\t\t\t\t<section class=\"elementor-section elementor-top-section elementor-element elementor-element-aef82d5 elementor-section-boxed elementor-section-height-default elementor-section-height-default\" data-id=\"aef82d5\" data-element_type=\"section\">\n\t\t\t\t\t\t<div class=\"elementor-container elementor-column-gap-extended\">\n\t\t\t\t\t<div class=\"elementor-column elementor-col-66 elementor-top-column elementor-element elementor-element-0be7829 sc_inner_width_none sc_layouts_column_icons_position_left\" data-id=\"0be7829\" data-element_type=\"column\">\n\t\t\t<div class=\"elementor-widget-wrap elementor-element-populated\">\n\t\t\t\t\t\t<div class=\"elementor-element elementor-element-a03fd0c sc_fly_static elementor-widget elementor-widget-shortcode\" data-id=\"a03fd0c\" data-element_type=\"widget\" data-widget_type=\"shortcode.default\">\n\t\t\t\t<div class=\"elementor-widget-container\">\n\t\t\t\t\t<div class=\"elementor-shortcode\">\n<div class=\"wpcf7 no-js\" id=\"wpcf7-f3294-o1\" lang=\"en-US\" dir=\"ltr\">\n<div class=\"screen-reader-response\"><p role=\"status\" aria-live=\"polite\" aria-atomic=\"true\"><\/p> <ul><\/ul><\/div>\n<form action=\"\/mudo\/wp-json\/wp\/v2\/pages\/4014#wpcf7-f3294-o1\" method=\"post\" class=\"wpcf7-form init\" aria-label=\"Contact form\" novalidate=\"novalidate\" data-status=\"init\">\n<div style=\"display: none;\">\n<input type=\"hidden\" name=\"_wpcf7\" value=\"3294\" \/>\n<input type=\"hidden\" name=\"_wpcf7_version\" value=\"5.9.8\" \/>\n<input type=\"hidden\" name=\"_wpcf7_locale\" value=\"en_US\" \/>\n<input type=\"hidden\" name=\"_wpcf7_unit_tag\" value=\"wpcf7-f3294-o1\" \/>\n<input type=\"hidden\" name=\"_wpcf7_container_post\" value=\"0\" \/>\n<input type=\"hidden\" name=\"_wpcf7_posted_data_hash\" value=\"\" \/>\n<\/div>\n<div class=\"contact-block-header\">\n\t<h6>Skr\u00e1 \u00ed fr\u00edan prufut\u00edma\n\t<\/h6>\n<\/div>\n<div class=\"contact-block\">\n\t<p>Vinsamlegast fylltu inn uppl\u00fdsingarnar\n\t<\/p>\n\t<p>T\u00edmar \u00ed bo\u00f0i:\n\t<\/p>\n\t<p><span class=\"wpcf7-form-control-wrap\" data-name=\"radio-898\"><span class=\"wpcf7-form-control wpcf7-radio\"><span class=\"wpcf7-list-item first\"><label><input type=\"radio\" name=\"radio-898\" value=\"16:10-16:50 \u00feri\u00f0judaga og fimmtudaga - 5-7 \u00e1ra\" checked=\"checked\" \/><span class=\"wpcf7-list-item-label\">16:10-16:50 \u00feri\u00f0judaga og fimmtudaga - 5-7 \u00e1ra<\/span><\/label><\/span><span class=\"wpcf7-list-item\"><label><input type=\"radio\" name=\"radio-898\" value=\"16:50-17:40 \u00feri\u00f0judaga og fimmtudaga - 8-12 \u00e1ra\" \/><span class=\"wpcf7-list-item-label\">16:50-17:40 \u00feri\u00f0judaga og fimmtudaga - 8-12 \u00e1ra<\/span><\/label><\/span><span class=\"wpcf7-list-item last\"><label><input type=\"radio\" name=\"radio-898\" value=\"17:40-19-00 \u00feri\u00f0judaga og fimmtudaga - fullor\u00f0nir\" \/><span class=\"wpcf7-list-item-label\">17:40-19-00 \u00feri\u00f0judaga og fimmtudaga - fullor\u00f0nir<\/span><\/label><\/span><\/span><\/span>\n\t<\/p>\n\t<div class=\"elementor-column-gap-extended\">\n\t\t<div class=\"elementor-row\">\n\t\t\t<div class=\"elementor-column elementor-col-50\">\n\t\t\t\t<div class=\"elementor-column-wrap elementor-element-populated\">\n\t\t\t\t\t<p><span class=\"wpcf7-form-control-wrap\" data-name=\"your-name\"><input size=\"40\" maxlength=\"400\" class=\"wpcf7-form-control wpcf7-text wpcf7-validates-as-required\" aria-required=\"true\" aria-invalid=\"false\" placeholder=\"Nafn\" value=\"\" type=\"text\" name=\"your-name\" \/><\/span>\n\t\t\t\t\t<\/p>\n\t\t\t\t<\/div>\n\t\t\t<\/div>\n\t\t\t<div class=\"elementor-column elementor-col-50\">\n\t\t\t\t<div class=\"elementor-column-wrap elementor-element-populated\">\n\t\t\t\t\t<p><span class=\"wpcf7-form-control-wrap\" data-name=\"your-email\"><input size=\"40\" maxlength=\"400\" class=\"wpcf7-form-control wpcf7-email wpcf7-validates-as-required wpcf7-text wpcf7-validates-as-email\" aria-required=\"true\" aria-invalid=\"false\" placeholder=\"Netfang\" value=\"\" type=\"email\" name=\"your-email\" \/><\/span>\n\t\t\t\t\t<\/p>\n\t\t\t\t<\/div>\n\t\t\t<\/div>\n\t\t<\/div>\n\t<\/div>\n\t<div class=\"elementor-column-gap-extended\">\n\t\t<div class=\"elementor-row\">\n\t\t\t<div class=\"elementor-column elementor-col-100\">\n\t\t\t\t<div class=\"elementor-column-wrap elementor-element-populated\">\n\t\t\t\t\t<p><span class=\"wpcf7-form-control-wrap\" data-name=\"your-message\"><textarea cols=\"40\" rows=\"10\" maxlength=\"2000\" class=\"wpcf7-form-control wpcf7-textarea\" aria-invalid=\"false\" placeholder=\"Skilabo\u00f0\" name=\"your-message\"><\/textarea><\/span>\n\t\t\t\t\t<\/p>\n\t\t\t\t<\/div>\n\t\t\t<\/div>\n\t\t<\/div>\n\t<\/div>\n\t<div class=\"text\">\n\t\t<p><span class=\"wpcf7-form-control-wrap\" data-name=\"acceptance-486\"><span class=\"wpcf7-form-control wpcf7-acceptance\"><span class=\"wpcf7-list-item\"><label><input type=\"checkbox\" name=\"acceptance-486\" value=\"1\" aria-invalid=\"false\" \/><span class=\"wpcf7-list-item-label\">\u00c9g sam\u00feykki a\u00f0 Mudo Gym skr\u00e1i ni\u00f0ur uppl\u00fdsingar m\u00ednar.<\/span><\/label><\/span><\/span><\/span>\n\t\t<\/p>\n\t<\/div>\n\t<div class=\"text\">\n\t\t<p><input class=\"wpcf7-form-control wpcf7-submit has-spinner\" type=\"submit\" value=\"Skr\u00e1 \u00ed prufut\u00edma\" \/>\n\t\t<\/p>\n\t<\/div>\n<\/div><div class=\"wpcf7-response-output\" aria-hidden=\"true\"><\/div>\n<\/form>\n<\/div>\n<\/div>\n\t\t\t\t<\/div>\n\t\t\t\t<\/div>\n\t\t\t\t\t<\/div>\n\t\t<\/div>\n\t\t\t\t<div class=\"elementor-column elementor-col-33 elementor-top-column elementor-element elementor-element-115b64d sc_inner_width_none sc_layouts_column_icons_position_left\" data-id=\"115b64d\" data-element_type=\"column\">\n\t\t\t<div class=\"elementor-widget-wrap elementor-element-populated\">\n\t\t\t\t\t\t<div class=\"elementor-element elementor-element-01f99b1 sc_fly_static elementor-widget elementor-widget-trx_sc_title\" data-id=\"01f99b1\" data-element_type=\"widget\" data-widget_type=\"trx_sc_title.default\">\n\t\t\t\t<div class=\"elementor-widget-container\">\n\t\t\t<div id=\"trx_sc_title_844082966\"\n\t\tclass=\"sc_title sc_title_default\"><span class=\"sc_item_subtitle sc_title_subtitle sc_item_subtitle_above sc_item_title_style_default\">Subtitle<\/span><h3 class=\"sc_item_title sc_title_title sc_item_title_style_default sc_item_title_tag\"><span class=\"sc_item_title_text\">Haf\u00f0u samband<\/span><\/h3><div class=\"sc_item_descr sc_title_descr\"><p>Some description text for this item<\/p>\n<\/div><\/div><!-- \/.sc_title -->\t\t<\/div>\n\t\t\t\t<\/div>\n\t\t\t\t<div class=\"elementor-element elementor-element-d4a8fe0 sc_fly_static elementor-widget elementor-widget-spacer\" data-id=\"d4a8fe0\" data-element_type=\"widget\" data-widget_type=\"spacer.default\">\n\t\t\t\t<div class=\"elementor-widget-container\">\n\t\t\t\t\t<div class=\"elementor-spacer\">\n\t\t\t<div class=\"elementor-spacer-inner\"><\/div>\n\t\t<\/div>\n\t\t\t\t<\/div>\n\t\t\t\t<\/div>\n\t\t\t\t<div class=\"elementor-element elementor-element-f6ac14e sc_fly_static elementor-widget elementor-widget-trx_sc_layouts_iconed_text\" data-id=\"f6ac14e\" data-element_type=\"widget\" data-widget_type=\"trx_sc_layouts_iconed_text.default\">\n\t\t\t\t<div class=\"elementor-widget-container\">\n\t\t\t<div id=\"trx_sc_layouts_iconed_text_532593335\" class=\"sc_layouts_iconed_text\"><a href=\"mailto:info@taekwondo.is\" class=\"sc_layouts_item_link sc_layouts_iconed_text_link\"><span class=\"sc_layouts_item_icon sc_layouts_iconed_text_icon icon-02-email sc_icon_type_icons\"><\/span><span class=\"sc_layouts_item_details sc_layouts_iconed_text_details\"><span class=\"sc_layouts_item_details_line2 sc_layouts_iconed_text_line2\">info@taekwondo.is<\/span><\/span><!-- \/.sc_layouts_iconed_text_details --><\/a><\/div><!-- \/.sc_layouts_iconed_text -->\t\t<\/div>\n\t\t\t\t<\/div>\n\t\t\t\t<div class=\"elementor-element elementor-element-cb14299 sc_fly_static elementor-widget elementor-widget-trx_sc_layouts_iconed_text\" data-id=\"cb14299\" data-element_type=\"widget\" data-widget_type=\"trx_sc_layouts_iconed_text.default\">\n\t\t\t\t<div class=\"elementor-widget-container\">\n\t\t\t<div id=\"trx_sc_layouts_iconed_text_974639275\" class=\"sc_layouts_iconed_text\"><a href=\"tel:7727112\" class=\"sc_layouts_item_link sc_layouts_iconed_text_link\"><span class=\"sc_layouts_item_icon sc_layouts_iconed_text_icon icon-11-phone sc_icon_type_icons\"><\/span><span class=\"sc_layouts_item_details sc_layouts_iconed_text_details\"><span class=\"sc_layouts_item_details_line2 sc_layouts_iconed_text_line2\">772-7112<\/span><\/span><!-- \/.sc_layouts_iconed_text_details --><\/a><\/div><!-- \/.sc_layouts_iconed_text -->\t\t<\/div>\n\t\t\t\t<\/div>\n\t\t\t\t<div class=\"elementor-element elementor-element-7b526da sc_fly_static elementor-widget elementor-widget-trx_sc_layouts_iconed_text\" data-id=\"7b526da\" data-element_type=\"widget\" data-widget_type=\"trx_sc_layouts_iconed_text.default\">\n\t\t\t\t<div class=\"elementor-widget-container\">\n\t\t\t<div id=\"trx_sc_layouts_iconed_text_1118478221\" class=\"sc_layouts_iconed_text\"><a href=\"https:\/\/goo.gl\/maps\/GKN5gpVmMYAA8Ar1A\" class=\"sc_layouts_item_link sc_layouts_iconed_text_link\"><span class=\"sc_layouts_item_icon sc_layouts_iconed_text_icon icon-10-address sc_icon_type_icons\"><\/span><span class=\"sc_layouts_item_details sc_layouts_iconed_text_details\"><span class=\"sc_layouts_item_details_line2 sc_layouts_iconed_text_line2\">V\u00edkurhvarf 1, 203 K\u00f3pavogur, \u00cdsland<\/span><\/span><!-- \/.sc_layouts_iconed_text_details --><\/a><\/div><!-- \/.sc_layouts_iconed_text -->\t\t<\/div>\n\t\t\t\t<\/div>\n\t\t\t\t<div class=\"elementor-element elementor-element-1b2a6c4 sc_fly_static elementor-widget elementor-widget-spacer\" data-id=\"1b2a6c4\" data-element_type=\"widget\" data-widget_type=\"spacer.default\">\n\t\t\t\t<div class=\"elementor-widget-container\">\n\t\t\t\t\t<div class=\"elementor-spacer\">\n\t\t\t<div class=\"elementor-spacer-inner\"><\/div>\n\t\t<\/div>\n\t\t\t\t<\/div>\n\t\t\t\t<\/div>\n\t\t\t\t<div class=\"elementor-element elementor-element-8de1830 sc_fly_static elementor-widget elementor-widget-trx_sc_googlemap\" data-id=\"8de1830\" data-element_type=\"widget\" data-widget_type=\"trx_sc_googlemap.default\">\n\t\t\t\t<div class=\"elementor-widget-container\">\n\t\t\t<div id=\"trx_sc_googlemap_1011098089_wrap\" class=\"sc_googlemap_wrap\"><div id=\"trx_sc_googlemap_1011098089\"\n\t\t\tclass=\"sc_googlemap sc_googlemap_default trx_addons_inline_1461213521\"\n\t\t\t\t\t\tdata-zoom=\"16\"\n\t\t\tdata-center=\"\"\n\t\t\tdata-style=\"default\"\n\t\t\tdata-cluster-icon=\"\"\n\t\t\t><iframe\n\t\t\t\t\t\tsrc=\"https:\/\/maps.google.com\/maps?t=m&output=embed&iwloc=near&z=16&q=v%C3%ADkurhvarf+1%2C+203+k%C3%B3pavogur%2C+%C3%ADsland\"\n\t\t\t\t\t\taria-label=\"\"><\/iframe><\/div><\/div><!-- \/.sc_googlemap_wrap -->\t\t<\/div>\n\t\t\t\t<\/div>\n\t\t\t\t\t<\/div>\n\t\t<\/div>\n\t\t\t\t\t<\/div>\n\t\t<\/section>\n\t\t\t\t<\/div>\n\t\t","protected":false},"excerpt":{"rendered":"<p>Haf\u00f0u samband info@taekwondo.is 772-7112 V\u00edkurhvarf 1, 203 K\u00f3pavogur, \u00cdsland<\/p>\n","protected":false},"author":1,"featured_media":0,"parent":0,"menu_order":0,"comment_status":"closed","ping_status":"closed","template":"","meta":{"footnotes":""},"class_list":["post-4014","page","type-page","status-publish","hentry"],"yoast_head":"<!-- This site is optimized with the Yoast SEO plugin v23.2 - https:\/\/yoast.com\/wordpress\/plugins\/seo\/ -->\n<title>Skr\u00e1ning \u00ed prufut\u00edma | Mudo Gym - Taekwondo og a\u00f0rar bardagalistir<\/title>\n<meta name=\"robots\" content=\"index, follow, max-snippet:-1, max-image-preview:large, max-video-preview:-1\" \/>\n<link rel=\"canonical\" href=\"https:\/\/taekwondo.is\/mudo\/skraning-i-prufutima\/\" \/>\n<meta property=\"og:locale\" content=\"en_US\" \/>\n<meta property=\"og:type\" content=\"article\" \/>\n<meta property=\"og:title\" content=\"Skr\u00e1ning \u00ed prufut\u00edma | Mudo Gym - Taekwondo og a\u00f0rar bardagalistir\" \/>\n<meta property=\"og:description\" content=\"Haf\u00f0u samband info@taekwondo.is 772-7112 V\u00edkurhvarf 1, 203 K\u00f3pavogur, \u00cdsland\" \/>\n<meta property=\"og:url\" content=\"https:\/\/taekwondo.is\/mudo\/skraning-i-prufutima\/\" \/>\n<meta property=\"og:site_name\" content=\"Mudo Gym - Taekwondo og a\u00f0rar bardagalistir\" \/>\n<meta property=\"article:publisher\" content=\"https:\/\/www.facebook.com\/mudogymiceland\" \/>\n<meta property=\"article:modified_time\" content=\"2021-08-21T11:52:47+00:00\" \/>\n<meta name=\"twitter:card\" content=\"summary_large_image\" \/>\n<meta name=\"twitter:label1\" content=\"Est. reading time\" \/>\n\t<meta name=\"twitter:data1\" content=\"1 minute\" \/>\n<script type=\"application\/ld+json\" class=\"yoast-schema-graph\">{\"@context\":\"https:\/\/schema.org\",\"@graph\":[{\"@type\":\"WebPage\",\"@id\":\"https:\/\/taekwondo.is\/mudo\/skraning-i-prufutima\/\",\"url\":\"https:\/\/taekwondo.is\/mudo\/skraning-i-prufutima\/\",\"name\":\"Skr\u00e1ning \u00ed prufut\u00edma | Mudo Gym - Taekwondo og a\u00f0rar bardagalistir\",\"isPartOf\":{\"@id\":\"https:\/\/taekwondo.is\/mudo\/#website\"},\"datePublished\":\"2021-08-20T21:27:55+00:00\",\"dateModified\":\"2021-08-21T11:52:47+00:00\",\"breadcrumb\":{\"@id\":\"https:\/\/taekwondo.is\/mudo\/skraning-i-prufutima\/#breadcrumb\"},\"inLanguage\":\"en-US\",\"potentialAction\":[{\"@type\":\"ReadAction\",\"target\":[\"https:\/\/taekwondo.is\/mudo\/skraning-i-prufutima\/\"]}]},{\"@type\":\"BreadcrumbList\",\"@id\":\"https:\/\/taekwondo.is\/mudo\/skraning-i-prufutima\/#breadcrumb\",\"itemListElement\":[{\"@type\":\"ListItem\",\"position\":1,\"name\":\"Home\",\"item\":\"https:\/\/taekwondo.is\/mudo\/\"},{\"@type\":\"ListItem\",\"position\":2,\"name\":\"Skr\u00e1ning \u00ed prufut\u00edma\"}]},{\"@type\":\"WebSite\",\"@id\":\"https:\/\/taekwondo.is\/mudo\/#website\",\"url\":\"https:\/\/taekwondo.is\/mudo\/\",\"name\":\"Mudo Gym - Taekwondo og a\u00f0rar bardagalistir\",\"description\":\"B\u00faum til sterkari b\u00f6rn\",\"publisher\":{\"@id\":\"https:\/\/taekwondo.is\/mudo\/#organization\"},\"potentialAction\":[{\"@type\":\"SearchAction\",\"target\":{\"@type\":\"EntryPoint\",\"urlTemplate\":\"https:\/\/taekwondo.is\/mudo\/?s={search_term_string}\"},\"query-input\":\"required name=search_term_string\"}],\"inLanguage\":\"en-US\"},{\"@type\":\"Organization\",\"@id\":\"https:\/\/taekwondo.is\/mudo\/#organization\",\"name\":\"Mudo Gym\",\"url\":\"https:\/\/taekwondo.is\/mudo\/\",\"logo\":{\"@type\":\"ImageObject\",\"inLanguage\":\"en-US\",\"@id\":\"https:\/\/taekwondo.is\/mudo\/#\/schema\/logo\/image\/\",\"url\":\"https:\/\/taekwondo.is\/mudo\/wp-content\/uploads\/2021\/08\/mudo-gym-logo.jpeg\",\"contentUrl\":\"https:\/\/taekwondo.is\/mudo\/wp-content\/uploads\/2021\/08\/mudo-gym-logo.jpeg\",\"width\":522,\"height\":145,\"caption\":\"Mudo Gym\"},\"image\":{\"@id\":\"https:\/\/taekwondo.is\/mudo\/#\/schema\/logo\/image\/\"},\"sameAs\":[\"https:\/\/www.facebook.com\/mudogymiceland\",\"https:\/\/www.instagram.com\/mudogym_iceland\/\"]}]}<\/script>\n<!-- \/ Yoast SEO plugin. -->","yoast_head_json":{"title":"Skr\u00e1ning \u00ed prufut\u00edma | Mudo Gym - Taekwondo og a\u00f0rar bardagalistir","robots":{"index":"index","follow":"follow","max-snippet":"max-snippet:-1","max-image-preview":"max-image-preview:large","max-video-preview":"max-video-preview:-1"},"canonical":"https:\/\/taekwondo.is\/mudo\/skraning-i-prufutima\/","og_locale":"en_US","og_type":"article","og_title":"Skr\u00e1ning \u00ed prufut\u00edma | Mudo Gym - Taekwondo og a\u00f0rar bardagalistir","og_description":"Haf\u00f0u samband info@taekwondo.is 772-7112 V\u00edkurhvarf 1, 203 K\u00f3pavogur, \u00cdsland","og_url":"https:\/\/taekwondo.is\/mudo\/skraning-i-prufutima\/","og_site_name":"Mudo Gym - Taekwondo og a\u00f0rar bardagalistir","article_publisher":"https:\/\/www.facebook.com\/mudogymiceland","article_modified_time":"2021-08-21T11:52:47+00:00","twitter_card":"summary_large_image","twitter_misc":{"Est. reading time":"1 minute"},"schema":{"@context":"https:\/\/schema.org","@graph":[{"@type":"WebPage","@id":"https:\/\/taekwondo.is\/mudo\/skraning-i-prufutima\/","url":"https:\/\/taekwondo.is\/mudo\/skraning-i-prufutima\/","name":"Skr\u00e1ning \u00ed prufut\u00edma | Mudo Gym - Taekwondo og a\u00f0rar bardagalistir","isPartOf":{"@id":"https:\/\/taekwondo.is\/mudo\/#website"},"datePublished":"2021-08-20T21:27:55+00:00","dateModified":"2021-08-21T11:52:47+00:00","breadcrumb":{"@id":"https:\/\/taekwondo.is\/mudo\/skraning-i-prufutima\/#breadcrumb"},"inLanguage":"en-US","potentialAction":[{"@type":"ReadAction","target":["https:\/\/taekwondo.is\/mudo\/skraning-i-prufutima\/"]}]},{"@type":"BreadcrumbList","@id":"https:\/\/taekwondo.is\/mudo\/skraning-i-prufutima\/#breadcrumb","itemListElement":[{"@type":"ListItem","position":1,"name":"Home","item":"https:\/\/taekwondo.is\/mudo\/"},{"@type":"ListItem","position":2,"name":"Skr\u00e1ning \u00ed prufut\u00edma"}]},{"@type":"WebSite","@id":"https:\/\/taekwondo.is\/mudo\/#website","url":"https:\/\/taekwondo.is\/mudo\/","name":"Mudo Gym - Taekwondo og a\u00f0rar bardagalistir","description":"B\u00faum til sterkari b\u00f6rn","publisher":{"@id":"https:\/\/taekwondo.is\/mudo\/#organization"},"potentialAction":[{"@type":"SearchAction","target":{"@type":"EntryPoint","urlTemplate":"https:\/\/taekwondo.is\/mudo\/?s={search_term_string}"},"query-input":"required name=search_term_string"}],"inLanguage":"en-US"},{"@type":"Organization","@id":"https:\/\/taekwondo.is\/mudo\/#organization","name":"Mudo Gym","url":"https:\/\/taekwondo.is\/mudo\/","logo":{"@type":"ImageObject","inLanguage":"en-US","@id":"https:\/\/taekwondo.is\/mudo\/#\/schema\/logo\/image\/","url":"https:\/\/taekwondo.is\/mudo\/wp-content\/uploads\/2021\/08\/mudo-gym-logo.jpeg","contentUrl":"https:\/\/taekwondo.is\/mudo\/wp-content\/uploads\/2021\/08\/mudo-gym-logo.jpeg","width":522,"height":145,"caption":"Mudo Gym"},"image":{"@id":"https:\/\/taekwondo.is\/mudo\/#\/schema\/logo\/image\/"},"sameAs":["https:\/\/www.facebook.com\/mudogymiceland","https:\/\/www.instagram.com\/mudogym_iceland\/"]}]}},"_links":{"self":[{"href":"https:\/\/taekwondo.is\/mudo\/wp-json\/wp\/v2\/pages\/4014","targetHints":{"allow":["GET"]}}],"collection":[{"href":"https:\/\/taekwondo.is\/mudo\/wp-json\/wp\/v2\/pages"}],"about":[{"href":"https:\/\/taekwondo.is\/mudo\/wp-json\/wp\/v2\/types\/page"}],"author":[{"embeddable":true,"href":"https:\/\/taekwondo.is\/mudo\/wp-json\/wp\/v2\/users\/1"}],"replies":[{"embeddable":true,"href":"https:\/\/taekwondo.is\/mudo\/wp-json\/wp\/v2\/comments?post=4014"}],"version-history":[{"count":1,"href":"https:\/\/taekwondo.is\/mudo\/wp-json\/wp\/v2\/pages\/4014\/revisions"}],"predecessor-version":[{"id":4015,"href":"https:\/\/taekwondo.is\/mudo\/wp-json\/wp\/v2\/pages\/4014\/revisions\/4015"}],"wp:attachment":[{"href":"https:\/\/taekwondo.is\/mudo\/wp-json\/wp\/v2\/media?parent=4014"}],"curies":[{"name":"wp","href":"https:\/\/api.w.org\/{rel}","templated":true}]}}